{"id":692,"date":"2023-12-19T16:32:44","date_gmt":"2023-12-19T15:32:44","guid":{"rendered":"https:\/\/www.bloggedy.de\/?page_id=692"},"modified":"2024-06-06T15:43:53","modified_gmt":"2024-06-06T13:43:53","slug":"stop-making-sense","status":"publish","type":"page","link":"https:\/\/www.bloggedy.de\/?page_id=692","title":{"rendered":"&#8222;Stop Making Sense&#8220;"},"content":{"rendered":"\n<p class=\"has-text-align-left\"><strong>Impulsvortrag\/Workshop<\/strong><\/p>\n\n\n\n<p>Zwangsbegl\u00fcckung funktioniert nicht mehr, Content muss unterhaltsam sein. Immer. Er muss die W\u00fcnsche und Bed\u00fcrfnisse der Menschen ansprechen. Mit Emotionen erreichen Sie die Menschen, gewinnen ihr Vertrauen und stellen Kundenbindung her. Wenn die Werte stimmen, ist das Produkt fast egal. <\/p>\n\n\n\n<p>Hat man jemals etwas von der mitrei\u00dfenden Kraft der Fakten geh\u00f6rt? Genau. Setzen Sie deshalb auf Emotionen und Entertainment. Alles andere verpufft.<\/p>\n\n\n\n<p>Wie\u2019s geht, verr\u00e4t dieser Vortrag. Daf\u00fcr pr\u00e4sentiere ich Best-Case-Videos ebenso wie grandiose Flops und gebe Tipps f\u00fcr erfolgreiche Formate. Der wichtigste lautet: Seid mutig, traut euch!<\/p>\n\n\n\n<p>Der Vortrag eignet sich ideal als Keynote, wenn Sie Ihre Kommunikation neu ausrichten m\u00f6chten.  Er kann den Auftakt f\u00fcr ein Coaching oder eine Zusammenarbeit bilden.<\/p>\n","protected":false},"excerpt":{"rendered":"<p>Impulsvortrag\/Workshop Zwangsbegl\u00fcckung funktioniert nicht mehr, Content muss unterhaltsam sein. Immer. Er muss die W\u00fcnsche und Bed\u00fcrfnisse der Menschen ansprechen. Mit Emotionen erreichen Sie die Menschen, gewinnen ihr Vertrauen und stellen Kundenbindung her. Wenn die Werte stimmen, ist das Produkt fast egal. Hat man jemals etwas von der mitrei\u00dfenden Kraft der Fakten geh\u00f6rt? Genau. Setzen Sie [&hellip;]<\/p>\n","protected":false},"author":1,"featured_media":0,"parent":662,"menu_order":0,"comment_status":"closed","ping_status":"closed","template":"","meta":{"footnotes":""},"class_list":["post-692","page","type-page","status-publish","hentry"],"_links":{"self":[{"href":"https:\/\/www.bloggedy.de\/index.php?rest_route=\/wp\/v2\/pages\/692","targetHints":{"allow":["GET"]}}],"collection":[{"href":"https:\/\/www.bloggedy.de\/index.php?rest_route=\/wp\/v2\/pages"}],"about":[{"href":"https:\/\/www.bloggedy.de\/index.php?rest_route=\/wp\/v2\/types\/page"}],"author":[{"embeddable":true,"href":"https:\/\/www.bloggedy.de\/index.php?rest_route=\/wp\/v2\/users\/1"}],"replies":[{"embeddable":true,"href":"https:\/\/www.bloggedy.de\/index.php?rest_route=%2Fwp%2Fv2%2Fcomments&post=692"}],"version-history":[{"count":9,"href":"https:\/\/www.bloggedy.de\/index.php?rest_route=\/wp\/v2\/pages\/692\/revisions"}],"predecessor-version":[{"id":1101,"href":"https:\/\/www.bloggedy.de\/index.php?rest_route=\/wp\/v2\/pages\/692\/revisions\/1101"}],"up":[{"embeddable":true,"href":"https:\/\/www.bloggedy.de\/index.php?rest_route=\/wp\/v2\/pages\/662"}],"wp:attachment":[{"href":"https:\/\/www.bloggedy.de\/index.php?rest_route=%2Fwp%2Fv2%2Fmedia&parent=692"}],"curies":[{"name":"wp","href":"https:\/\/api.w.org\/{rel}","templated":true}]}}