{"id":742,"date":"2023-12-19T17:20:15","date_gmt":"2023-12-19T16:20:15","guid":{"rendered":"https:\/\/www.bloggedy.de\/?page_id=742"},"modified":"2023-12-21T16:36:35","modified_gmt":"2023-12-21T15:36:35","slug":"menschen-marken-emotionen","status":"publish","type":"page","link":"https:\/\/www.bloggedy.de\/?page_id=742","title":{"rendered":"&#8222;Menschen | Marken | Emotionen&#8220;"},"content":{"rendered":"\n<p><strong>Storytelling im Content-Marketing<\/strong><\/p>\n\n\n\n<p><strong>Zweitages-Workshop, inhouse oder online. 4 Module \u00e0 ca. 2&#215;90 Minuten.<\/strong><\/p>\n\n\n\n<p>Wie entstehen die Storys, mit denen wir Menschen begeistern? In vier Modulen vermittle ich den Teilnehmenden die Basics im Storytelling und Content development. Damit erwerben sie die F\u00e4higkeiten, eigene Formate zu entwickeln und Projekte kompetent zu betreuen. Werbung ohne Werbung \u2013 so lautet das Ziel.<br>Ein Gagwriting-Workshop bildet als kreativer Boost den Abschluss.<br><\/p>\n\n\n\n<p><strong>Inhalt:<\/strong><\/p>\n\n\n\n<p><strong>Tag 1, vormittags: Corporate &amp; Entertainment<\/strong><\/p>\n\n\n\n<p>Niemand kommuniziert gern gegen seinen Willen. Der User entscheidet, welche Angebote er nutzt. Er hat immer das Sagen, deshalb muss Kommunikation seine Bed\u00fcrfnisse bedienen \u2013 oder er ist weg. Sie muss unterhaltsam sein.<br>Weil werbliche Inhalte Menschen verprellen, lautet das Ziel \u201eWerbung ohne Werbung\u201c. Less facts \u2013 more emotions: Wenn die Werte stimmen, k\u00f6nnen Sie fast alles verkaufen. Dazu pr\u00e4sentiere ich aufschlussreiche Best- und Worst-cases.<br>Mit Kreativ\u00fcbungen zur Ideenfindung.<br><\/p>\n\n\n\n<p><strong>Tag 1, nachmittags: Drama, Baby<\/strong><\/p>\n\n\n\n<p>Emotionen begeistern und \u00fcberzeugen Menschen: Deshalb erz\u00e4hlen wir Geschichten \u2013 und daf\u00fcr vermittle ich das n\u00f6tige Handwerk: Wie fange ich an? Woher kommen die Ideen? Wie entwickle ich einen Spannungsbogen, wo liegen die Wendepunkte einer Story? Ich streife auch die Heldenreise, doch hilfreicher ist f\u00fcr uns das klassische Dreiaktschema. Diese Matrix gilt f\u00fcr jede Art von Story und hilft sogar im allt\u00e4glichen Leben.<br>Hinzu kommen Vertiefungen, \u00dcbungen und viele aufschlussreiche Beispiele.<\/p>\n\n\n\n<figure class=\"wp-block-image size-full\"><img loading=\"lazy\" decoding=\"async\" width=\"745\" height=\"187\" src=\"https:\/\/www.bloggedy.de\/wp-content\/uploads\/2021\/05\/MME-2105-Li.jpg\" alt=\"\" class=\"wp-image-567\" srcset=\"https:\/\/www.bloggedy.de\/wp-content\/uploads\/2021\/05\/MME-2105-Li.jpg 745w, https:\/\/www.bloggedy.de\/wp-content\/uploads\/2021\/05\/MME-2105-Li-300x75.jpg 300w\" sizes=\"auto, (max-width: 745px) 100vw, 745px\" \/><\/figure>\n\n\n\n<p><strong>Tag 2, vormittags: Conflict &amp; Character<\/strong><\/p>\n\n\n\n<p>Haltung ist alles. Aber wie entwickle ich mehrdimensionale, faszinierende Charaktere, die eine Geschichte vorantreiben? Und: Wie positioniere ich mich selbst in der Kommunikation? Dazu nutzen wir das Modell des <em>character development<\/em>, wie es Fiction-Autoren verwenden. An konkreten Beispielen \u00fcberlegen wir anschlie\u00dfend, wie wir einen Podcast oder neue Online-Formate branden k\u00f6nnen.<br>Mit praktischen \u00dcbungen.<br><\/p>\n\n\n\n<p><strong>Tag 2, nachmittags: Comedy &amp; Gagwriting<\/strong><\/p>\n\n\n\n<p>Den Abschluss bildet der Comedy-Workshop, bei dem die Teilnehmenden das Schubladendenken verlassen und sich austoben. Klingt nach Spa\u00df, ist es auch. Doch damit vertiefen wir gleichzeitig die Inhalte aus Teil II und III, denn \u201ecomedy comes out of character\u201c und jeder Gag ist ein eigener, kleiner Dreiakter. Vor allem aber ist Gagwriting ein grandioser Kreativit\u00e4tsboost, mit dem wir innere Hemmschwellen \u00fcberwinden. F\u00fcr die Teilnehmenden schaffe ich einen safe space: What happens in Seminarraum, remains in Seminarraum. Nur Mut! Nun liegt es an Ihnen, diesen Bewusstseinswandel in Ihren Alltag zu integrieren.<strong><br><\/strong><\/p>\n\n\n\n<p><strong>Zielgruppe:<\/strong><\/p>\n\n\n\n<p><em>Professionals<\/em> aus Agenturen und Unternehmen, die sich zu den Themen Dramaturgie, Erz\u00e4hltechniken, Storyentwicklung weiterbilden m\u00f6chten.<br><em>Talente<\/em>, die die Grundlage f\u00fcr ihre Kreativkarriere im Bereich Corporate Entertainment legen m\u00f6chten.<br><em>Unternehmer:innen, Freiberufler:innen &amp; Selbstst\u00e4ndige<\/em>, die sich neu positionieren und offener kommunizieren m\u00f6chten.<\/p>\n\n\n\n<p><strong>Ziel des Seminars:<\/strong><\/p>\n\n\n\n<p>Perspektivwechsel: Wichtig ist nicht, was wir wollen, sondern was die Zielgruppe will. Erobern Sie Ihre Klientel von nun an emotional mit Inhalten, die begeistern.<br>Handwerk, Handwerk, Handwerk: Wie entwickle und erz\u00e4hle ich eine attraktive Story \u2013 vom Facebook-Post bis zum Unternehmensfilm?<\/p>\n","protected":false},"excerpt":{"rendered":"<p>Storytelling im Content-Marketing Zweitages-Workshop, inhouse oder online. 4 Module \u00e0 ca. 2&#215;90 Minuten. Wie entstehen die Storys, mit denen wir Menschen begeistern? In vier Modulen vermittle ich den Teilnehmenden die Basics im Storytelling und Content development. Damit erwerben sie die F\u00e4higkeiten, eigene Formate zu entwickeln und Projekte kompetent zu betreuen. Werbung ohne Werbung \u2013 so [&hellip;]<\/p>\n","protected":false},"author":1,"featured_media":0,"parent":0,"menu_order":0,"comment_status":"closed","ping_status":"closed","template":"","meta":{"footnotes":""},"class_list":["post-742","page","type-page","status-publish","hentry"],"_links":{"self":[{"href":"https:\/\/www.bloggedy.de\/index.php?rest_route=\/wp\/v2\/pages\/742","targetHints":{"allow":["GET"]}}],"collection":[{"href":"https:\/\/www.bloggedy.de\/index.php?rest_route=\/wp\/v2\/pages"}],"about":[{"href":"https:\/\/www.bloggedy.de\/index.php?rest_route=\/wp\/v2\/types\/page"}],"author":[{"embeddable":true,"href":"https:\/\/www.bloggedy.de\/index.php?rest_route=\/wp\/v2\/users\/1"}],"replies":[{"embeddable":true,"href":"https:\/\/www.bloggedy.de\/index.php?rest_route=%2Fwp%2Fv2%2Fcomments&post=742"}],"version-history":[{"count":9,"href":"https:\/\/www.bloggedy.de\/index.php?rest_route=\/wp\/v2\/pages\/742\/revisions"}],"predecessor-version":[{"id":1119,"href":"https:\/\/www.bloggedy.de\/index.php?rest_route=\/wp\/v2\/pages\/742\/revisions\/1119"}],"wp:attachment":[{"href":"https:\/\/www.bloggedy.de\/index.php?rest_route=%2Fwp%2Fv2%2Fmedia&parent=742"}],"curies":[{"name":"wp","href":"https:\/\/api.w.org\/{rel}","templated":true}]}}