{"id":769,"date":"2023-12-19T18:19:45","date_gmt":"2023-12-19T17:19:45","guid":{"rendered":"https:\/\/www.bloggedy.de\/?page_id=769"},"modified":"2024-04-23T15:39:25","modified_gmt":"2024-04-23T13:39:25","slug":"profiling-positionierung","status":"publish","type":"page","link":"https:\/\/www.bloggedy.de\/?page_id=769","title":{"rendered":"Corporate Profiling"},"content":{"rendered":"\n<p><strong>Die Marke als Held.<\/strong><\/p>\n\n\n\n<p>Wie hilft Ihnen die Toolbox des Storytelling bei der Markenpositionierung? Ganz einfach: Story comes out of character; jede starke Geschichte hat ihren Helden, der auf einer Mission ist. Das zeichnet ihn aus, das macht ihn spannend. Deswegen positionieren wir Sie, Ihre Marke, Ihr Unternehmen als faszinierenden <em>character<\/em> mit starkem inneren Antrieb. Daraus ergeben sich die besten Geschichten.<\/p>\n\n\n\n<p>Am Anfang steht ein <em>character development<\/em>, wie man es von B\u00fchnenfiguren und Fiction-Charakteren her kennt. Entscheidend ist immer die Haltung! Sie haben ein Ziel, verfolgen Ihre Mission, k\u00e4mpfen gegen Widerst\u00e4nde. So k\u00f6nnen wir Ihre Story erz\u00e4hlen. Ihre Marke wird lebendig und Ihr Auftritt bekommt gleich einen ganz anderen Drive.<\/p>\n\n\n\n<p>Keine Sorge: Ich m\u00f6chte Ihnen nichts schablonenhaft aufzwingen oder \u00fcberst\u00fclpen, sondern gemeinsam mit Ihnen Ihre Kommunikation nach vorne bringen. Jeder Workshop wird f\u00fcr Sie individuell entwickelt, nat\u00fcrlich auch abh\u00e4ngig davon, ob Sie als Einzelperson auftreten m\u00f6chten oder Ihr Unternehmen\/Ihre Marke im Mittelpunkt steht.<\/p>\n","protected":false},"excerpt":{"rendered":"<p>Die Marke als Held. Wie hilft Ihnen die Toolbox des Storytelling bei der Markenpositionierung? Ganz einfach: Story comes out of character; jede starke Geschichte hat ihren Helden, der auf einer Mission ist. Das zeichnet ihn aus, das macht ihn spannend. Deswegen positionieren wir Sie, Ihre Marke, Ihr Unternehmen als faszinierenden character mit starkem inneren Antrieb. [&hellip;]<\/p>\n","protected":false},"author":1,"featured_media":0,"parent":0,"menu_order":0,"comment_status":"closed","ping_status":"closed","template":"","meta":{"footnotes":""},"class_list":["post-769","page","type-page","status-publish","hentry"],"_links":{"self":[{"href":"https:\/\/www.bloggedy.de\/index.php?rest_route=\/wp\/v2\/pages\/769","targetHints":{"allow":["GET"]}}],"collection":[{"href":"https:\/\/www.bloggedy.de\/index.php?rest_route=\/wp\/v2\/pages"}],"about":[{"href":"https:\/\/www.bloggedy.de\/index.php?rest_route=\/wp\/v2\/types\/page"}],"author":[{"embeddable":true,"href":"https:\/\/www.bloggedy.de\/index.php?rest_route=\/wp\/v2\/users\/1"}],"replies":[{"embeddable":true,"href":"https:\/\/www.bloggedy.de\/index.php?rest_route=%2Fwp%2Fv2%2Fcomments&post=769"}],"version-history":[{"count":12,"href":"https:\/\/www.bloggedy.de\/index.php?rest_route=\/wp\/v2\/pages\/769\/revisions"}],"predecessor-version":[{"id":1066,"href":"https:\/\/www.bloggedy.de\/index.php?rest_route=\/wp\/v2\/pages\/769\/revisions\/1066"}],"wp:attachment":[{"href":"https:\/\/www.bloggedy.de\/index.php?rest_route=%2Fwp%2Fv2%2Fmedia&parent=769"}],"curies":[{"name":"wp","href":"https:\/\/api.w.org\/{rel}","templated":true}]}}