{"id":798,"date":"2023-12-20T13:30:25","date_gmt":"2023-12-20T12:30:25","guid":{"rendered":"https:\/\/www.bloggedy.de\/?page_id=798"},"modified":"2024-07-29T17:46:18","modified_gmt":"2024-07-29T15:46:18","slug":"support-beratung","status":"publish","type":"page","link":"https:\/\/www.bloggedy.de\/?page_id=798","title":{"rendered":"Support &#038; Beratung"},"content":{"rendered":"\n<p>Storytelling ist kein Selbstzweck. Es geht um Resonanz und Reichweite, Image und Identit\u00e4t. Sie haben Ihre Ziele. Die erreichen Sie mit emotionaler Ansprache.<\/p>\n\n\n\n<p><strong>Positionierung. Konzept. Coaching. <\/strong>Das sind die drei Elemente, mit denen ich Sie, Ihr Team, Ihr Unternehmen nach vorne bringe. Immer mit dem Anspruch, Ihnen den optimalen Auftritt zu verschaffen. Ich freue mich auf Sie und Ihre Geschichte.<\/p>\n\n\n\n<p>Wie profitieren Sie konkret? Dazu ein paar Cases:<\/p>\n\n\n\n<p>F\u00fcr den Live-Pitch eines Gesch\u00e4ftsf\u00fchrer habe ich die Story entwickelt. Sein Vortrag konzentrierte sich nun auf die Kernbotschaft, erhielt einen Spannungsbogen, und ich habe wohldosiert Memes als visuelle Gags eingebaut. So bekam sein Auftritt gleich viel mehr Dynamik.<\/p>\n\n\n\n<p>Agenturen berate ich im Pitch f\u00fcr Content-Plattformen und Formate. Meist geht es darum, sich auf den <em>user&#8217;s benefit <\/em>zu fokussieren: Wir betreiben keine PR oder Marketing, sondern punkten mit Service und Entertainment. Damit startet die <em>customer&#8217;s journey<\/em>.<\/p>\n\n\n<div class=\"wp-block-image\">\n<figure class=\"alignright size-full is-resized\"><img loading=\"lazy\" decoding=\"async\" width=\"545\" height=\"785\" src=\"https:\/\/www.bloggedy.de\/wp-content\/uploads\/2024\/07\/Alfie2.png\" alt=\"\" class=\"wp-image-1131\" style=\"width:125px;height:auto\" srcset=\"https:\/\/www.bloggedy.de\/wp-content\/uploads\/2024\/07\/Alfie2.png 545w, https:\/\/www.bloggedy.de\/wp-content\/uploads\/2024\/07\/Alfie2-208x300.png 208w\" sizes=\"auto, (max-width: 545px) 100vw, 545px\" \/><\/figure><\/div>\n\n\n<p><a href=\"https:\/\/www.quantumfrog.de\">Mit einem Team<\/a> haben wir f\u00fcr die nieders\u00e4chsische Stadt Alfeld die App &#8222;Alfeld plus&#8220; entwickelt. Ziel war, das neue Leitbild der Kommune unterhaltsam zu vermitteln. Das bedeutete ganz viel Storytelling \u2013 und zum Gl\u00fcck hat Alfeld sehr viel zu bieten. Mein Job dabei: Die Tonalit\u00e4t festlegen, Dutzende Texte schreiben, das <em>character development <\/em>des virtuellen Hosts (&#8222;Alfie, das Zebra&#8220;), Branding und Naming, Ideen f\u00fcrs Gaming, zum Teil auch die Bildauswahl. So wurde aus der App ein rundes Infotainment-Paket mit Message.<\/p>\n\n\n\n<p>Einer Kanzlei fehlte nach Corona durch Home office und Personalfluktuation der innere Zusammenhalt. Mit Elementen des Storytellings arbeiten wir die Identit\u00e4t heraus: Woher kommen wir, was treibt uns an? So entsteht im Team eine neue Dynamik.<\/p>\n\n\n\n<p>F\u00fchrungskr\u00e4fte aus Wirtschaft und Politik unterst\u00fctze ich f\u00fcr Bewerbungen, Kandidaturen, Auftritte.<\/p>\n\n\n\n<p>Und nat\u00fcrlich schreibe ich auch weiterhin mit gro\u00dfer Leidenschaft. Unterhaltsam und auf den Punkt<\/p>\n","protected":false},"excerpt":{"rendered":"<p>Storytelling ist kein Selbstzweck. Es geht um Resonanz und Reichweite, Image und Identit\u00e4t. Sie haben Ihre Ziele. Die erreichen Sie mit emotionaler Ansprache. Positionierung. Konzept. Coaching. Das sind die drei Elemente, mit denen ich Sie, Ihr Team, Ihr Unternehmen nach vorne bringe. Immer mit dem Anspruch, Ihnen den optimalen Auftritt zu verschaffen. Ich freue mich [&hellip;]<\/p>\n","protected":false},"author":1,"featured_media":0,"parent":0,"menu_order":0,"comment_status":"closed","ping_status":"closed","template":"","meta":{"footnotes":""},"class_list":["post-798","page","type-page","status-publish","hentry"],"_links":{"self":[{"href":"https:\/\/www.bloggedy.de\/index.php?rest_route=\/wp\/v2\/pages\/798","targetHints":{"allow":["GET"]}}],"collection":[{"href":"https:\/\/www.bloggedy.de\/index.php?rest_route=\/wp\/v2\/pages"}],"about":[{"href":"https:\/\/www.bloggedy.de\/index.php?rest_route=\/wp\/v2\/types\/page"}],"author":[{"embeddable":true,"href":"https:\/\/www.bloggedy.de\/index.php?rest_route=\/wp\/v2\/users\/1"}],"replies":[{"embeddable":true,"href":"https:\/\/www.bloggedy.de\/index.php?rest_route=%2Fwp%2Fv2%2Fcomments&post=798"}],"version-history":[{"count":25,"href":"https:\/\/www.bloggedy.de\/index.php?rest_route=\/wp\/v2\/pages\/798\/revisions"}],"predecessor-version":[{"id":1137,"href":"https:\/\/www.bloggedy.de\/index.php?rest_route=\/wp\/v2\/pages\/798\/revisions\/1137"}],"wp:attachment":[{"href":"https:\/\/www.bloggedy.de\/index.php?rest_route=%2Fwp%2Fv2%2Fmedia&parent=798"}],"curies":[{"name":"wp","href":"https:\/\/api.w.org\/{rel}","templated":true}]}}