{"id":9,"date":"2019-04-05T12:59:14","date_gmt":"2019-04-05T10:59:14","guid":{"rendered":"http:\/\/www.bloggedy.de\/?page_id=9"},"modified":"2024-06-13T16:27:00","modified_gmt":"2024-06-13T14:27:00","slug":"wer-bloggt-hier","status":"publish","type":"page","link":"https:\/\/www.bloggedy.de\/?page_id=9","title":{"rendered":"Claus Vaske"},"content":{"rendered":"\n<p><strong>Autor. Coach. Berater.<\/strong><\/p>\n\n\n\n<figure class=\"wp-block-image\"><img loading=\"lazy\" decoding=\"async\" width=\"1024\" height=\"282\" src=\"https:\/\/www.bloggedy.de\/wp-content\/uploads\/2019\/04\/claus_vaske-1024x282.jpg\" alt=\"\" class=\"wp-image-59\" srcset=\"https:\/\/www.bloggedy.de\/wp-content\/uploads\/2019\/04\/claus_vaske-1024x282.jpg 1024w, https:\/\/www.bloggedy.de\/wp-content\/uploads\/2019\/04\/claus_vaske-300x83.jpg 300w, https:\/\/www.bloggedy.de\/wp-content\/uploads\/2019\/04\/claus_vaske-768x211.jpg 768w\" sizes=\"auto, (max-width: 1024px) 100vw, 1024px\" \/><\/figure>\n\n\n\n<p><em>\u201e<\/em>D<em>ie Welt kann nur ver\u00e4ndern, wer die Herzen der Menschen erreicht.\u201c<\/em><\/p>\n\n\n\n<p>Seit ich denken kann, faszinieren mich Geschichten. Mit f\u00fcnf konnte ich schon lesen; und ich habe alles verschlungen, was mir in die Finger fiel. Im Fernsehen liefen &#8222;Die Zwei&#8220;, &#8222;Catweazle&#8220; und &#8222;Daktari&#8220; \u2013 Helden meiner Kindheit. Wer konnte denn ahnen, dass genau das mal mein Lebensinhalt werden w\u00fcrde: Entertainment. An der Uni besuchte ich die ersten Drehbuch-Seminare \u2013 und fand mich Mitte der Neunziger pl\u00f6tzlich im Autorengehege der Harald-Schmidt-Show wieder, im f\u00fcnften Stock des legend\u00e4ren Capitol am K\u00f6lner Friesenplatz.<\/p>\n\n\n\n<p>Damit fing alles an. Mit meinen Gags und Drehb\u00fcchern habe ich seither viele tausend Mal f\u00fcr Lacher im deutschen Fernsehen gesorgt. Als Headwriter der TV-Spots mit Verona Feldbusch und Sir Peter Ustinov trug ich dazu bei, die Expo 2000 in Hannover zu retten. Seither bin ich verst\u00e4rkt auch in Werbung und PR aktiv, entwickle Texte und Konzepte f\u00fcr f\u00fchrende Marken, schreibe Moderationsb\u00fccher und Reden, berate inhaltlich.<\/p>\n\n\n\n<p>Viermal bereits wurde die Consumer Electronics in Las Vegas mit Comedy-Clips aus meiner Feder er\u00f6ffnet, f\u00fcr &#8222;Robots&#8220; mit Mercedes-Vorstand Dieter Zetsche gab&#8217;s sogar den Werbeoscar, die Goldene Rose von Montreux. Seit 2008 habe ich mehrere Webserien entwickelt und geschrieben, zuletzt &#8222;Refurbished&#8220; \u2013  Deutschlands erste echte Unternehmens-Sitcom.<\/p>\n\n\n\n<p>Dar\u00fcber hinaus sind drei Romane von mir erschienen: \u201eNicht totzukriegen\u201c, \u201eDie Monroe in mir\u201c, \u201eGustaf \u2013 alter Schwede\u201c. Alle lustig.<\/p>\n\n\n\n<p class=\"body a {color: blue;} has-text-color has-link-color wp-elements-e12c2febc92408a7b1fc8d40bc77c4ab\" style=\"color:#0f52bd\"><a href=\"https:\/\/de.wikipedia.org\/wiki\/Claus_Vaske\" target=\"_blank\" rel=\"noreferrer noopener\">Claus Vaske auf Wikipedia.<\/a><\/p>\n\n\n\n<p><strong>Auszeichnungen:<\/strong><br>Goldene Rose von Montreux.<br>Silberner Delphin von Cannes.<br>Spiegel-Bestsellerautor.<br>div. Grimme-Preise. (u. a. <em>Die Harald-Schmidt-Show<\/em>, <em>Kalkofes Mattscheibe<\/em>).<br>Literaturstipendiat der Hamburger Kulturbeh\u00f6rde.<\/p>\n\n\n\n<p><sup><em>Claus Vaske | Script &amp; Storytelling<br>Friedrichstra\u00dfe 34 | 53111 Bonn<br>0171-54 52 411 | <a href=\"mailto:claus@vaske.de\">claus@vaske.de<\/a><\/em><\/sup><\/p>\n","protected":false},"excerpt":{"rendered":"<p>Autor. Coach. Berater. \u201eDie Welt kann nur ver\u00e4ndern, wer die Herzen der Menschen erreicht.\u201c Seit ich denken kann, faszinieren mich Geschichten. Mit f\u00fcnf konnte ich schon lesen; und ich habe alles verschlungen, was mir in die Finger fiel. Im Fernsehen liefen &#8222;Die Zwei&#8220;, &#8222;Catweazle&#8220; und &#8222;Daktari&#8220; \u2013 Helden meiner Kindheit. Wer konnte denn ahnen, dass [&hellip;]<\/p>\n","protected":false},"author":1,"featured_media":0,"parent":0,"menu_order":0,"comment_status":"closed","ping_status":"open","template":"","meta":{"footnotes":""},"class_list":["post-9","page","type-page","status-publish","hentry"],"_links":{"self":[{"href":"https:\/\/www.bloggedy.de\/index.php?rest_route=\/wp\/v2\/pages\/9","targetHints":{"allow":["GET"]}}],"collection":[{"href":"https:\/\/www.bloggedy.de\/index.php?rest_route=\/wp\/v2\/pages"}],"about":[{"href":"https:\/\/www.bloggedy.de\/index.php?rest_route=\/wp\/v2\/types\/page"}],"author":[{"embeddable":true,"href":"https:\/\/www.bloggedy.de\/index.php?rest_route=\/wp\/v2\/users\/1"}],"replies":[{"embeddable":true,"href":"https:\/\/www.bloggedy.de\/index.php?rest_route=%2Fwp%2Fv2%2Fcomments&post=9"}],"version-history":[{"count":26,"href":"https:\/\/www.bloggedy.de\/index.php?rest_route=\/wp\/v2\/pages\/9\/revisions"}],"predecessor-version":[{"id":1118,"href":"https:\/\/www.bloggedy.de\/index.php?rest_route=\/wp\/v2\/pages\/9\/revisions\/1118"}],"wp:attachment":[{"href":"https:\/\/www.bloggedy.de\/index.php?rest_route=%2Fwp%2Fv2%2Fmedia&parent=9"}],"curies":[{"name":"wp","href":"https:\/\/api.w.org\/{rel}","templated":true}]}}